{"id":501,"date":"2022-02-21T12:45:14","date_gmt":"2022-02-21T11:45:14","guid":{"rendered":"https:\/\/www.bretti.cl\/?page_id=501"},"modified":"2023-10-30T13:44:01","modified_gmt":"2023-10-30T12:44:01","slug":"contact","status":"publish","type":"page","link":"https:\/\/www.bretti.cl\/?page_id=501","title":{"rendered":"Contacto"},"content":{"rendered":"\n<div class=\"wp-block-uagb-container uagb-block-dc22bbf2 alignfull uagb-is-root-container\"><div class=\"uagb-container-inner-blocks-wrap\">\n<div class=\"wp-block-uagb-advanced-heading uagb-block-277a7327\"><h1 class=\"uagb-heading-text\">Contactanos<\/h1><\/div>\n<\/div><\/div>\n\n\n\n<div class=\"wp-block-uagb-container uagb-block-85b9fc1a alignfull uagb-is-root-container\"><div class=\"uagb-container-inner-blocks-wrap\">\n<div class=\"wp-block-uagb-advanced-heading uagb-block-cabb25d7\"><h3 class=\"uagb-heading-text\">Sucursales<\/h3><\/div>\n\n\n\n<div class=\"wp-block-uagb-advanced-heading uagb-block-213c3777\"><h2 class=\"uagb-heading-text\">Contacto<\/h2><\/div>\n\n\n\n<div class=\"wp-block-uagb-container uagb-block-0544d084\">\n<div class=\"wp-block-uagb-container uagb-block-f2081805\">\n<div class=\"wp-block-uagb-advanced-heading uagb-block-3398f40e\"><h3 class=\"uagb-heading-text\">Talcahuano &#8211; Casa Matriz<\/h3><\/div>\n\n\n\n<div class=\"wp-block-uagb-advanced-heading uagb-block-d993e2c8\"><h4 class=\"uagb-heading-text\">Direccion:<\/h4><p class=\"uagb-desc-text\">Jaime Repullo 396, Talcahuano, Chile<\/p><\/div>\n\n\n\n<div class=\"wp-block-uagb-advanced-heading uagb-block-57501e56\"><h4 class=\"uagb-heading-text\">Telefono:<\/h4><p class=\"uagb-desc-text\">+56-41-2594977<\/p><\/div>\n\n\n\n<div class=\"wp-block-uagb-advanced-heading uagb-block-7a98f69f\"><h4 class=\"uagb-heading-text\">Email:<\/h4><p class=\"uagb-desc-text\">contacto@bretti.cl<br>Transportes@bretti.cl<\/p><\/div>\n<\/div>\n\n\n\n<div class=\"wp-block-uagb-container uagb-block-23e24d41\">\t\t\t<div \n\t\t\tclass=\"wp-block-uagb-google-map uagb-google-map__wrap uagb-block-0f0912f9     wp-block-uagb-google-map uagb-google-map__wrap uagb-block-22a9c63a\"\n\t\t\tstyle=\"\" >\n\t\t\t\t<embed\n\t\t\t\t\tclass=\"uagb-google-map__iframe\"\n\t\t\t\t\ttitle=\"Mapa de Google de\"\n\t\t\t\t\tsrc=\"https:\/\/maps.google.com\/maps?q=Jaime%20repullo%20396&#038;z=12&#038;hl=es&#038;t=m&#038;output=embed&#038;iwloc=near\"\n\t\t\t\t\twidth=\"640\"\n\t\t\t\t\theight=\"461\"\n\t\t\t\t\tloading=\"lazy\"\n\t\t\t\t><\/embed>\n\t\t\t<\/div>\n\t\t\t<\/div>\n<\/div>\n\n\n\n<div class=\"wp-block-uagb-info-box uagb-block-5722f277 uagb-infobox__content-wrap  uagb-infobox-icon-above-title uagb-infobox-image-valign-top\"><div class=\"uagb-ifb-content\"><div class=\"uagb-ifb-title-wrap\"><\/div><div class=\"uagb-ifb-separator\"><\/div><\/div><\/div>\n\n\n\n<div class=\"wp-block-uagb-container uagb-block-684a56f4\">\n<div class=\"wp-block-uagb-container uagb-block-b21fd891\">\n<div class=\"wp-block-uagb-advanced-heading uagb-block-98117fa8\"><h3 class=\"uagb-heading-text\">Puerto Montt <\/h3><\/div>\n\n\n\n<div class=\"wp-block-uagb-advanced-heading uagb-block-7ada1fe4\"><h4 class=\"uagb-heading-text\">Direcci\u00f3n:<\/h4><p class=\"uagb-desc-text\">Ruta Cinco Sur Km. 1029,3 Alto Bonito Camino A Pargua<\/p><\/div>\n\n\n\n<div class=\"wp-block-uagb-advanced-heading uagb-block-ab434b91\"><h4 class=\"uagb-heading-text\">Tel\u00e9fono<\/h4><p class=\"uagb-desc-text\">+56-41-2594977<\/p><\/div>\n\n\n\n<div class=\"wp-block-uagb-advanced-heading uagb-block-fbbbcae0\"><h4 class=\"uagb-heading-text\">Email:<\/h4><p class=\"uagb-desc-text\">contacto@bretti.cl<br>Juan.Badilla@bretti.cl<\/p><\/div>\n<\/div>\n\n\n\n<div class=\"wp-block-uagb-container uagb-block-36231d47\">\t\t\t<div \n\t\t\tclass=\"wp-block-uagb-google-map uagb-google-map__wrap uagb-block-e6555857     wp-block-uagb-google-map uagb-google-map__wrap uagb-block-14c919e6\"\n\t\t\tstyle=\"\" >\n\t\t\t\t<embed\n\t\t\t\t\tclass=\"uagb-google-map__iframe\"\n\t\t\t\t\ttitle=\"Mapa de Google de\"\n\t\t\t\t\tsrc=\"https:\/\/maps.google.com\/maps?q=Ruta%20km%201029%2C3%20sector%20alto%20bonito%20Sur%2C%205%2C%20Puerto%20Montt%2C%20Los%20Lagos&#038;z=9&#038;hl=en&#038;t=m&#038;output=embed&#038;iwloc=near\"\n\t\t\t\t\twidth=\"640\"\n\t\t\t\t\theight=\"475\"\n\t\t\t\t\tloading=\"lazy\"\n\t\t\t\t><\/embed>\n\t\t\t<\/div>\n\t\t\t<\/div>\n<\/div>\n\n\n\n<div class=\"wp-block-uagb-info-box uagb-block-9eb1787f uagb-infobox__content-wrap  uagb-infobox-icon-above-title uagb-infobox-image-valign-top\"><div class=\"uagb-ifb-content\"><div class=\"uagb-ifb-title-wrap\"><\/div><div class=\"uagb-ifb-separator\"><\/div><\/div><\/div>\n\n\n\n<div class=\"wp-block-uagb-container uagb-block-fd71a3b6\">\n<div class=\"wp-block-uagb-container uagb-block-36fdf5dd\">\n<div class=\"wp-block-uagb-advanced-heading uagb-block-cb3540d7\"><h3 class=\"uagb-heading-text\">Las Garzas- Quillota<\/h3><\/div>\n\n\n\n<div class=\"wp-block-uagb-advanced-heading uagb-block-6171b38e\"><h4 class=\"uagb-heading-text\">Direcci\u00f3n<\/h4><p class=\"uagb-desc-text\">Sector Las Garzas, Parcela C-4, Quillota, Chile<\/p><\/div>\n\n\n\n<div class=\"wp-block-uagb-advanced-heading uagb-block-4e26db39\"><h4 class=\"uagb-heading-text\">Tel\u00e9fono<\/h4><p class=\"uagb-desc-text\">+56-41-2594977<\/p><\/div>\n\n\n\n<div class=\"wp-block-uagb-advanced-heading uagb-block-9f5df447\"><h4 class=\"uagb-heading-text\">Email:<\/h4><p class=\"uagb-desc-text\">contact@bretti.cl<br>Makarena.Ahumada@bretti.cl<\/p><\/div>\n<\/div>\n\n\n\n<div class=\"wp-block-uagb-container uagb-block-f185be09\">\t\t\t<div \n\t\t\tclass=\"wp-block-uagb-google-map uagb-google-map__wrap uagb-block-3ea51691     wp-block-uagb-google-map uagb-google-map__wrap uagb-block-9860aafc\"\n\t\t\tstyle=\"\" >\n\t\t\t\t<embed\n\t\t\t\t\tclass=\"uagb-google-map__iframe\"\n\t\t\t\t\ttitle=\"Mapa de Google de\"\n\t\t\t\t\tsrc=\"https:\/\/maps.google.com\/maps?q=Parcela%20Las%20Garzas%2C%20quillota&#038;z=10&#038;hl=en&#038;t=m&#038;output=embed&#038;iwloc=near\"\n\t\t\t\t\twidth=\"640\"\n\t\t\t\t\theight=\"475\"\n\t\t\t\t\tloading=\"lazy\"\n\t\t\t\t><\/embed>\n\t\t\t<\/div>\n\t\t\t<\/div>\n<\/div>\n\n\n\n<div class=\"wp-block-uagb-container uagb-block-a012fc07\">\n<div class=\"wp-block-uagb-container uagb-block-d4de91c3\">\n<div class=\"wp-block-uagb-advanced-heading uagb-block-b23484ee\"><h3 class=\"uagb-heading-text\">Antofagasta<\/h3><\/div>\n\n\n\n<div class=\"wp-block-uagb-advanced-heading uagb-block-702c478c\"><h4 class=\"uagb-heading-text\">Direcci\u00f3n<\/h4><p class=\"uagb-desc-text\">Mario Silva Iriarte N\u00b0680, Antofagasta, Chile<\/p><\/div>\n\n\n\n<div class=\"wp-block-uagb-advanced-heading uagb-block-349636a0\"><h4 class=\"uagb-heading-text\">Tel\u00e9fono<\/h4><p class=\"uagb-desc-text\">+56-41-2594977<\/p><\/div>\n\n\n\n<div class=\"wp-block-uagb-advanced-heading uagb-block-9adcf771\"><h4 class=\"uagb-heading-text\">Email:<\/h4><p class=\"uagb-desc-text\">contact@bretti.cl<br>Felipe.Aravena@example.com<\/p><\/div>\n<\/div>\n\n\n\n<div class=\"wp-block-uagb-container uagb-block-8f579431\">\t\t\t<div \n\t\t\tclass=\"wp-block-uagb-google-map uagb-google-map__wrap uagb-block-7a1e97cb     wp-block-uagb-google-map uagb-google-map__wrap uagb-block-9860aafc\"\n\t\t\tstyle=\"\" >\n\t\t\t\t<embed\n\t\t\t\t\tclass=\"uagb-google-map__iframe\"\n\t\t\t\t\ttitle=\"Mapa de Google de\"\n\t\t\t\t\tsrc=\"https:\/\/maps.google.com\/maps?q=Mario%20Silva%20Iriarte%20N%C2%B0680%2C%20Antofagasta%2C%20Chile&#038;z=12&#038;hl=en&#038;t=m&#038;output=embed&#038;iwloc=near\"\n\t\t\t\t\twidth=\"640\"\n\t\t\t\t\theight=\"475\"\n\t\t\t\t\tloading=\"lazy\"\n\t\t\t\t><\/embed>\n\t\t\t<\/div>\n\t\t\t<\/div>\n<\/div>\n\n\n\n<div class=\"wp-block-uagb-container uagb-block-f8d52407\">\n<div class=\"wp-block-uagb-container uagb-block-e5eb0721\">\n<div class=\"wp-block-uagb-advanced-heading uagb-block-e808bc00\"><h3 class=\"uagb-heading-text\">Iquique<\/h3><\/div>\n\n\n\n<div class=\"wp-block-uagb-advanced-heading uagb-block-788b9230\"><h4 class=\"uagb-heading-text\">Direcci\u00f3n<\/h4><p class=\"uagb-desc-text\">Santa Rosa de Huara N\u00b04050, Iquique, Chile<\/p><\/div>\n\n\n\n<div class=\"wp-block-uagb-advanced-heading uagb-block-891e4de9\"><h4 class=\"uagb-heading-text\">Telefono<\/h4><p class=\"uagb-desc-text\">+56-41-2594977<\/p><\/div>\n\n\n\n<div class=\"wp-block-uagb-advanced-heading uagb-block-2722a2b7\"><h4 class=\"uagb-heading-text\">Email:<\/h4><p class=\"uagb-desc-text\">contact@bretti.cl<br>Cristian.Bravo@bretti.cl<\/p><\/div>\n<\/div>\n\n\n\n<div class=\"wp-block-uagb-container uagb-block-ac628664\">\t\t\t<div \n\t\t\tclass=\"wp-block-uagb-google-map uagb-google-map__wrap uagb-block-228d1ce4     wp-block-uagb-google-map uagb-google-map__wrap uagb-block-9860aafc\"\n\t\t\tstyle=\"\" >\n\t\t\t\t<embed\n\t\t\t\t\tclass=\"uagb-google-map__iframe\"\n\t\t\t\t\ttitle=\"Mapa de Google de\"\n\t\t\t\t\tsrc=\"https:\/\/maps.google.com\/maps?q=Santa%20Rosa%20de%20Huara%204050%2C%20Alto%20Hospicio%2C%20Chile&#038;z=12&#038;hl=en&#038;t=m&#038;output=embed&#038;iwloc=near\"\n\t\t\t\t\twidth=\"640\"\n\t\t\t\t\theight=\"475\"\n\t\t\t\t\tloading=\"lazy\"\n\t\t\t\t><\/embed>\n\t\t\t<\/div>\n\t\t\t<\/div>\n<\/div>\n<\/div><\/div>\n","protected":false},"excerpt":{"rendered":"<p>Contactanos Sucursales Contacto Talcahuano &#8211; Casa Matriz Direccion: Jaime Repullo 396, Talcahuano, Chile Telefono: +56-41-2594977 Email: contacto@bretti.clTransportes@bretti.cl Puerto Montt Direcci\u00f3n: Ruta Cinco Sur Km. 1029,3 Alto Bonito Camino A Pargua Tel\u00e9fono +56-41-2594977 Email: contacto@bretti.clJuan.Badilla@bretti.cl Las Garzas- Quillota Direcci\u00f3n Sector Las Garzas, Parcela C-4, Quillota, Chile Tel\u00e9fono +56-41-2594977 Email: contact@bretti.clMakarena.Ahumada@bretti.cl Antofagasta Direcci\u00f3n Mario Silva Iriarte N\u00b0680, [&hellip;]<\/p>\n","protected":false},"author":2,"featured_media":0,"parent":0,"menu_order":0,"comment_status":"closed","ping_status":"closed","template":"","meta":{"_uag_custom_page_level_css":"","site-sidebar-layout":"no-sidebar","site-content-layout":"plain-container","ast-site-content-layout":"normal-width-container","site-content-style":"unboxed","site-sidebar-style":"unboxed","ast-global-header-display":"","ast-banner-title-visibility":"","ast-main-header-display":"","ast-hfb-above-header-display":"","ast-hfb-below-header-display":"","ast-hfb-mobile-header-display":"","site-post-title":"disabled","ast-breadcrumbs-content":"","ast-featured-img":"disabled","footer-sml-layout":"","ast-disable-related-posts":"","theme-transparent-header-meta":"enabled","adv-header-id-meta":"","stick-header-meta":"","header-above-stick-meta":"","header-main-stick-meta":"","header-below-stick-meta":"","astra-migrate-meta-layouts":"set","ast-page-background-enabled":"default","ast-page-background-meta":{"desktop":{"background-color":"var(--ast-global-color-4)","background-image":"","background-repeat":"repeat","background-position":"center center","background-size":"auto","background-attachment":"scroll","background-type":"","background-media":"","overlay-type":"","overlay-color":"","overlay-opacity":"","overlay-gradient":""},"tablet":{"background-color":"","background-image":"","background-repeat":"repeat","background-position":"center center","background-size":"auto","background-attachment":"scroll","background-type":"","background-media":"","overlay-type":"","overlay-color":"","overlay-opacity":"","overlay-gradient":""},"mobile":{"background-color":"","background-image":"","background-repeat":"repeat","background-position":"center center","background-size":"auto","background-attachment":"scroll","background-type":"","background-media":"","overlay-type":"","overlay-color":"","overlay-opacity":"","overlay-gradient":""}},"ast-content-background-meta":{"desktop":{"background-color":"var(--ast-global-color-5)","background-image":"","background-repeat":"repeat","background-position":"center center","background-size":"auto","background-attachment":"scroll","background-type":"","background-media":"","overlay-type":"","overlay-color":"","overlay-opacity":"","overlay-gradient":""},"tablet":{"background-color":"var(--ast-global-color-5)","background-image":"","background-repeat":"repeat","background-position":"center center","background-size":"auto","background-attachment":"scroll","background-type":"","background-media":"","overlay-type":"","overlay-color":"","overlay-opacity":"","overlay-gradient":""},"mobile":{"background-color":"var(--ast-global-color-5)","background-image":"","background-repeat":"repeat","background-position":"center center","background-size":"auto","background-attachment":"scroll","background-type":"","background-media":"","overlay-type":"","overlay-color":"","overlay-opacity":"","overlay-gradient":""}},"footnotes":""},"class_list":["post-501","page","type-page","status-publish","hentry"],"uagb_featured_image_src":{"full":false,"thumbnail":false,"medium":false,"medium_large":false,"large":false,"1536x1536":false,"2048x2048":false},"uagb_author_info":{"display_name":"admin","author_link":"https:\/\/www.bretti.cl\/?author=2"},"uagb_comment_info":0,"uagb_excerpt":"Contactanos Sucursales Contacto Talcahuano &#8211; Casa Matriz Direccion: Jaime Repullo 396, Talcahuano, Chile Telefono: +56-41-2594977 Email: contacto@bretti.clTransportes@bretti.cl Puerto Montt Direcci\u00f3n: Ruta Cinco Sur Km. 1029,3 Alto Bonito Camino A Pargua Tel\u00e9fono +56-41-2594977 Email: contacto@bretti.clJuan.Badilla@bretti.cl Las Garzas- Quillota Direcci\u00f3n Sector Las Garzas, Parcela C-4, Quillota, Chile Tel\u00e9fono +56-41-2594977 Email: contact@bretti.clMakarena.Ahumada@bretti.cl Antofagasta Direcci\u00f3n Mario Silva Iriarte N\u00b0680,&hellip;","_links":{"self":[{"href":"https:\/\/www.bretti.cl\/index.php?rest_route=\/wp\/v2\/pages\/501","targetHints":{"allow":["GET"]}}],"collection":[{"href":"https:\/\/www.bretti.cl\/index.php?rest_route=\/wp\/v2\/pages"}],"about":[{"href":"https:\/\/www.bretti.cl\/index.php?rest_route=\/wp\/v2\/types\/page"}],"author":[{"embeddable":true,"href":"https:\/\/www.bretti.cl\/index.php?rest_route=\/wp\/v2\/users\/2"}],"replies":[{"embeddable":true,"href":"https:\/\/www.bretti.cl\/index.php?rest_route=%2Fwp%2Fv2%2Fcomments&post=501"}],"version-history":[{"count":15,"href":"https:\/\/www.bretti.cl\/index.php?rest_route=\/wp\/v2\/pages\/501\/revisions"}],"predecessor-version":[{"id":1549,"href":"https:\/\/www.bretti.cl\/index.php?rest_route=\/wp\/v2\/pages\/501\/revisions\/1549"}],"wp:attachment":[{"href":"https:\/\/www.bretti.cl\/index.php?rest_route=%2Fwp%2Fv2%2Fmedia&parent=501"}],"curies":[{"name":"wp","href":"https:\/\/api.w.org\/{rel}","templated":true}]}}