{"id":499,"date":"2022-02-21T12:44:52","date_gmt":"2022-02-21T11:44:52","guid":{"rendered":"https:\/\/www.bretti.cl\/?page_id=499"},"modified":"2025-08-06T21:54:28","modified_gmt":"2025-08-06T19:54:28","slug":"about","status":"publish","type":"page","link":"https:\/\/www.bretti.cl\/?page_id=499","title":{"rendered":"Nosotros"},"content":{"rendered":"\n<div class=\"wp-block-uagb-container uagb-block-c50858d5 alignfull uagb-is-root-container\"><div class=\"uagb-container-inner-blocks-wrap\">\n<div class=\"wp-block-uagb-advanced-heading uagb-block-f0f20a43\"><h1 class=\"uagb-heading-text\">Nuestra empresa<\/h1><\/div>\n<\/div><\/div>\n\n\n\n<p class=\"has-x-large-font-size\">Historia <\/p>\n\n\n\n<div class=\"wp-block-uagb-content-timeline uagb-timeline__outer-wrap uagb-block-9fa98a83-40d6-451b-8aca-57058241d960 uagb-timeline__content-wrap uagb-timeline__center-block  uagb-timeline__arrow-center uagb-timeline\">\n<article class=\"wp-block-uagb-content-timeline-child uagb-timeline__field uagb-timeline-child-c25c150d-7a69-4b56-8a22-d0a76364bfd8 uagb-timeline__right\"><div class=\"uagb-timeline__marker out-view-uagb-timeline__icon\"><svg xmlns=\"https:\/\/www.w3.org\/2000\/svg\" viewBox=\"0 0 448 512\"><path d=\"M160 32V64H288V32C288 14.33 302.3 0 320 0C337.7 0 352 14.33 352 32V64H400C426.5 64 448 85.49 448 112V160H0V112C0 85.49 21.49 64 48 64H96V32C96 14.33 110.3 0 128 0C145.7 0 160 14.33 160 32zM0 192H448V464C448 490.5 426.5 512 400 512H48C21.49 512 0 490.5 0 464V192zM64 304C64 312.8 71.16 320 80 320H112C120.8 320 128 312.8 128 304V272C128 263.2 120.8 256 112 256H80C71.16 256 64 263.2 64 272V304zM192 304C192 312.8 199.2 320 208 320H240C248.8 320 256 312.8 256 304V272C256 263.2 248.8 256 240 256H208C199.2 256 192 263.2 192 272V304zM336 256C327.2 256 320 263.2 320 272V304C320 312.8 327.2 320 336 320H368C376.8 320 384 312.8 384 304V272C384 263.2 376.8 256 368 256H336zM64 432C64 440.8 71.16 448 80 448H112C120.8 448 128 440.8 128 432V400C128 391.2 120.8 384 112 384H80C71.16 384 64 391.2 64 400V432zM208 384C199.2 384 192 391.2 192 400V432C192 440.8 199.2 448 208 448H240C248.8 448 256 440.8 256 432V400C256 391.2 248.8 384 240 384H208zM320 432C320 440.8 327.2 448 336 448H368C376.8 448 384 440.8 384 432V400C384 391.2 376.8 384 368 384H336C327.2 384 320 391.2 320 400V432z\"><\/path><\/svg><\/div><div class=\"uagb-timeline__day-new uagb-timeline__day-right uagb-timeline__events-inner-new\"><div class=\"uagb-timeline__events-inner--content\"><div class=\"uagb-timeline__date-hide uagb-timeline__inner-date-new\">1960<\/div><h4 class=\"uagb-timeline__heading\">Inicio<\/h4><p class=\"uagb-timeline-desc-content\">Don Germ\u00e1n Bretti Mart\u00ednez funda la empresa, prestando servicios de transporte de combustibles para la compa\u00f1\u00eda petrolera estadounidense ESSO ESTANDAR OIL. Establecemos una s\u00f3lida reputaci\u00f3n basada en la confianza, respuestas r\u00e1pidas y puntualidad, ganando reconocimiento y prestigio de importantes empresas nacionales<\/p><div class=\"uagb-timeline__arrow\"><\/div><\/div><\/div><div class=\"uagb-timeline__date-new\">1960<\/div><\/article>\n\n\n\n<article class=\"wp-block-uagb-content-timeline-child uagb-timeline__field uagb-timeline-child-67165515-5b15-479f-83d6-12df32175678 uagb-timeline__left\"><div class=\"uagb-timeline__marker out-view-uagb-timeline__icon\"><svg xmlns=\"https:\/\/www.w3.org\/2000\/svg\" viewBox=\"0 0 448 512\"><path d=\"M160 32V64H288V32C288 14.33 302.3 0 320 0C337.7 0 352 14.33 352 32V64H400C426.5 64 448 85.49 448 112V160H0V112C0 85.49 21.49 64 48 64H96V32C96 14.33 110.3 0 128 0C145.7 0 160 14.33 160 32zM0 192H448V464C448 490.5 426.5 512 400 512H48C21.49 512 0 490.5 0 464V192zM64 304C64 312.8 71.16 320 80 320H112C120.8 320 128 312.8 128 304V272C128 263.2 120.8 256 112 256H80C71.16 256 64 263.2 64 272V304zM192 304C192 312.8 199.2 320 208 320H240C248.8 320 256 312.8 256 304V272C256 263.2 248.8 256 240 256H208C199.2 256 192 263.2 192 272V304zM336 256C327.2 256 320 263.2 320 272V304C320 312.8 327.2 320 336 320H368C376.8 320 384 312.8 384 304V272C384 263.2 376.8 256 368 256H336zM64 432C64 440.8 71.16 448 80 448H112C120.8 448 128 440.8 128 432V400C128 391.2 120.8 384 112 384H80C71.16 384 64 391.2 64 400V432zM208 384C199.2 384 192 391.2 192 400V432C192 440.8 199.2 448 208 448H240C248.8 448 256 440.8 256 432V400C256 391.2 248.8 384 240 384H208zM320 432C320 440.8 327.2 448 336 448H368C376.8 448 384 440.8 384 432V400C384 391.2 376.8 384 368 384H336C327.2 384 320 391.2 320 400V432z\"><\/path><\/svg><\/div><div class=\"uagb-timeline__day-new uagb-timeline__day-left uagb-timeline__events-inner-new\"><div class=\"uagb-timeline__events-inner--content\"><div class=\"uagb-timeline__date-hide uagb-timeline__inner-date-new\">1981<\/div><h4 class=\"uagb-timeline__heading\">Casa Matriz<\/h4><p class=\"uagb-timeline-desc-content\">Trasladamos nuestras operaciones estrat\u00e9gicamente desde Linares hasta la ciudad de Talcahuano, en la VIII regi\u00f3n. Este cambio nos brinda una mayor apertura en la actividad comercial y consolida nuestra presencia en el sector.<\/p><div class=\"uagb-timeline__arrow\"><\/div><\/div><\/div><div class=\"uagb-timeline__date-new\">1981<\/div><\/article>\n\n\n\n<article class=\"wp-block-uagb-content-timeline-child uagb-timeline__field uagb-timeline-child-1633807a-fd82-4a9d-b81b-de21831931ba uagb-timeline__right\"><div class=\"uagb-timeline__marker out-view-uagb-timeline__icon\"><svg xmlns=\"https:\/\/www.w3.org\/2000\/svg\" viewBox=\"0 0 448 512\"><path d=\"M160 32V64H288V32C288 14.33 302.3 0 320 0C337.7 0 352 14.33 352 32V64H400C426.5 64 448 85.49 448 112V160H0V112C0 85.49 21.49 64 48 64H96V32C96 14.33 110.3 0 128 0C145.7 0 160 14.33 160 32zM0 192H448V464C448 490.5 426.5 512 400 512H48C21.49 512 0 490.5 0 464V192zM64 304C64 312.8 71.16 320 80 320H112C120.8 320 128 312.8 128 304V272C128 263.2 120.8 256 112 256H80C71.16 256 64 263.2 64 272V304zM192 304C192 312.8 199.2 320 208 320H240C248.8 320 256 312.8 256 304V272C256 263.2 248.8 256 240 256H208C199.2 256 192 263.2 192 272V304zM336 256C327.2 256 320 263.2 320 272V304C320 312.8 327.2 320 336 320H368C376.8 320 384 312.8 384 304V272C384 263.2 376.8 256 368 256H336zM64 432C64 440.8 71.16 448 80 448H112C120.8 448 128 440.8 128 432V400C128 391.2 120.8 384 112 384H80C71.16 384 64 391.2 64 400V432zM208 384C199.2 384 192 391.2 192 400V432C192 440.8 199.2 448 208 448H240C248.8 448 256 440.8 256 432V400C256 391.2 248.8 384 240 384H208zM320 432C320 440.8 327.2 448 336 448H368C376.8 448 384 440.8 384 432V400C384 391.2 376.8 384 368 384H336C327.2 384 320 391.2 320 400V432z\"><\/path><\/svg><\/div><div class=\"uagb-timeline__day-new uagb-timeline__day-right uagb-timeline__events-inner-new\"><div class=\"uagb-timeline__events-inner--content\"><div class=\"uagb-timeline__date-hide uagb-timeline__inner-date-new\">1987<\/div><h4 class=\"uagb-timeline__heading\">Transportes GICADO LTDA<\/h4><p class=\"uagb-timeline-desc-content\">Para dar respuesta al crecimiento y a los requerimientos de nuevas compa\u00f1\u00edas petroleras, creamos la empresa Transportes GICADO Ltda., expandiendo a\u00fan m\u00e1s nuestras operaciones y alcance en el mercado<\/p><div class=\"uagb-timeline__arrow\"><\/div><\/div><\/div><div class=\"uagb-timeline__date-new\">1987<\/div><\/article>\n\n\n\n<article class=\"wp-block-uagb-content-timeline-child uagb-timeline__field uagb-timeline-child-ce4883d1-5229-4703-bbb2-d2571f404442 uagb-timeline__left\"><div class=\"uagb-timeline__marker out-view-uagb-timeline__icon\"><svg xmlns=\"https:\/\/www.w3.org\/2000\/svg\" viewBox=\"0 0 448 512\"><path d=\"M160 32V64H288V32C288 14.33 302.3 0 320 0C337.7 0 352 14.33 352 32V64H400C426.5 64 448 85.49 448 112V160H0V112C0 85.49 21.49 64 48 64H96V32C96 14.33 110.3 0 128 0C145.7 0 160 14.33 160 32zM0 192H448V464C448 490.5 426.5 512 400 512H48C21.49 512 0 490.5 0 464V192zM64 304C64 312.8 71.16 320 80 320H112C120.8 320 128 312.8 128 304V272C128 263.2 120.8 256 112 256H80C71.16 256 64 263.2 64 272V304zM192 304C192 312.8 199.2 320 208 320H240C248.8 320 256 312.8 256 304V272C256 263.2 248.8 256 240 256H208C199.2 256 192 263.2 192 272V304zM336 256C327.2 256 320 263.2 320 272V304C320 312.8 327.2 320 336 320H368C376.8 320 384 312.8 384 304V272C384 263.2 376.8 256 368 256H336zM64 432C64 440.8 71.16 448 80 448H112C120.8 448 128 440.8 128 432V400C128 391.2 120.8 384 112 384H80C71.16 384 64 391.2 64 400V432zM208 384C199.2 384 192 391.2 192 400V432C192 440.8 199.2 448 208 448H240C248.8 448 256 440.8 256 432V400C256 391.2 248.8 384 240 384H208zM320 432C320 440.8 327.2 448 336 448H368C376.8 448 384 440.8 384 432V400C384 391.2 376.8 384 368 384H336C327.2 384 320 391.2 320 400V432z\"><\/path><\/svg><\/div><div class=\"uagb-timeline__day-new uagb-timeline__day-left uagb-timeline__events-inner-new\"><div class=\"uagb-timeline__events-inner--content\"><div class=\"uagb-timeline__date-hide uagb-timeline__inner-date-new\">1995<\/div><h4 class=\"uagb-timeline__heading\">Base Puerto Montt<\/h4><p class=\"uagb-timeline-desc-content\">Iniciamos operaciones en Puerto Montt, especializ\u00e1ndonos en el transporte de combustibles l\u00edquidos. R\u00e1pidamente nos convertimos en uno de los principales actores del mercado en la regi\u00f3n.<\/p><div class=\"uagb-timeline__arrow\"><\/div><\/div><\/div><div class=\"uagb-timeline__date-new\">1995<\/div><\/article>\n\n\n\n<article class=\"wp-block-uagb-content-timeline-child uagb-timeline__field uagb-timeline-child-a3b3cbbe-f710-4c34-9b65-13f6bda44bd3 uagb-timeline__right\"><div class=\"uagb-timeline__marker out-view-uagb-timeline__icon\"><svg xmlns=\"https:\/\/www.w3.org\/2000\/svg\" viewBox=\"0 0 448 512\"><path d=\"M160 32V64H288V32C288 14.33 302.3 0 320 0C337.7 0 352 14.33 352 32V64H400C426.5 64 448 85.49 448 112V160H0V112C0 85.49 21.49 64 48 64H96V32C96 14.33 110.3 0 128 0C145.7 0 160 14.33 160 32zM0 192H448V464C448 490.5 426.5 512 400 512H48C21.49 512 0 490.5 0 464V192zM64 304C64 312.8 71.16 320 80 320H112C120.8 320 128 312.8 128 304V272C128 263.2 120.8 256 112 256H80C71.16 256 64 263.2 64 272V304zM192 304C192 312.8 199.2 320 208 320H240C248.8 320 256 312.8 256 304V272C256 263.2 248.8 256 240 256H208C199.2 256 192 263.2 192 272V304zM336 256C327.2 256 320 263.2 320 272V304C320 312.8 327.2 320 336 320H368C376.8 320 384 312.8 384 304V272C384 263.2 376.8 256 368 256H336zM64 432C64 440.8 71.16 448 80 448H112C120.8 448 128 440.8 128 432V400C128 391.2 120.8 384 112 384H80C71.16 384 64 391.2 64 400V432zM208 384C199.2 384 192 391.2 192 400V432C192 440.8 199.2 448 208 448H240C248.8 448 256 440.8 256 432V400C256 391.2 248.8 384 240 384H208zM320 432C320 440.8 327.2 448 336 448H368C376.8 448 384 440.8 384 432V400C384 391.2 376.8 384 368 384H336C327.2 384 320 391.2 320 400V432z\"><\/path><\/svg><\/div><div class=\"uagb-timeline__day-new uagb-timeline__day-right uagb-timeline__events-inner-new\"><div class=\"uagb-timeline__events-inner--content\"><div class=\"uagb-timeline__date-hide uagb-timeline__inner-date-new\">2010<\/div><h4 class=\"uagb-timeline__heading\">Base Iquique y Antofagasta<\/h4><p class=\"uagb-timeline-desc-content\">Ante el  aumento de la demanda de equipos en la zona norte se incorporan en el a\u00f1o 2010 la base Iquique y Antofagasta para operar principalmente en la divisi\u00f3n Combustibles<\/p><div class=\"uagb-timeline__arrow\"><\/div><\/div><\/div><div class=\"uagb-timeline__date-new\">2010<\/div><\/article>\n\n\n\n<article class=\"wp-block-uagb-content-timeline-child uagb-timeline__field uagb-timeline-child-9a78c267 uagb-timeline__left\"><div class=\"uagb-timeline__marker out-view-uagb-timeline__icon\"><svg xmlns=\"https:\/\/www.w3.org\/2000\/svg\" viewBox=\"0 0 448 512\"><path d=\"M160 32V64H288V32C288 14.33 302.3 0 320 0C337.7 0 352 14.33 352 32V64H400C426.5 64 448 85.49 448 112V160H0V112C0 85.49 21.49 64 48 64H96V32C96 14.33 110.3 0 128 0C145.7 0 160 14.33 160 32zM0 192H448V464C448 490.5 426.5 512 400 512H48C21.49 512 0 490.5 0 464V192zM64 304C64 312.8 71.16 320 80 320H112C120.8 320 128 312.8 128 304V272C128 263.2 120.8 256 112 256H80C71.16 256 64 263.2 64 272V304zM192 304C192 312.8 199.2 320 208 320H240C248.8 320 256 312.8 256 304V272C256 263.2 248.8 256 240 256H208C199.2 256 192 263.2 192 272V304zM336 256C327.2 256 320 263.2 320 272V304C320 312.8 327.2 320 336 320H368C376.8 320 384 312.8 384 304V272C384 263.2 376.8 256 368 256H336zM64 432C64 440.8 71.16 448 80 448H112C120.8 448 128 440.8 128 432V400C128 391.2 120.8 384 112 384H80C71.16 384 64 391.2 64 400V432zM208 384C199.2 384 192 391.2 192 400V432C192 440.8 199.2 448 208 448H240C248.8 448 256 440.8 256 432V400C256 391.2 248.8 384 240 384H208zM320 432C320 440.8 327.2 448 336 448H368C376.8 448 384 440.8 384 432V400C384 391.2 376.8 384 368 384H336C327.2 384 320 391.2 320 400V432z\"><\/path><\/svg><\/div><div class=\"uagb-timeline__day-new uagb-timeline__day-left uagb-timeline__events-inner-new\"><div class=\"uagb-timeline__events-inner--content\"><div class=\"uagb-timeline__date-hide uagb-timeline__inner-date-new\">2018<\/div><h4 class=\"uagb-timeline__heading\">Base Quillota<\/h4><p class=\"uagb-timeline-desc-content\"><\/p><div class=\"uagb-timeline__arrow\"><\/div><\/div><\/div><div class=\"uagb-timeline__date-new\">2018<\/div><\/article>\n\n\n\n<article class=\"wp-block-uagb-content-timeline-child uagb-timeline__field uagb-timeline-child-383e6955-5402-4499-a134-7b441416b272 uagb-timeline__right\"><div class=\"uagb-timeline__marker out-view-uagb-timeline__icon\"><svg xmlns=\"https:\/\/www.w3.org\/2000\/svg\" viewBox=\"0 0 448 512\"><path d=\"M160 32V64H288V32C288 14.33 302.3 0 320 0C337.7 0 352 14.33 352 32V64H400C426.5 64 448 85.49 448 112V160H0V112C0 85.49 21.49 64 48 64H96V32C96 14.33 110.3 0 128 0C145.7 0 160 14.33 160 32zM0 192H448V464C448 490.5 426.5 512 400 512H48C21.49 512 0 490.5 0 464V192zM64 304C64 312.8 71.16 320 80 320H112C120.8 320 128 312.8 128 304V272C128 263.2 120.8 256 112 256H80C71.16 256 64 263.2 64 272V304zM192 304C192 312.8 199.2 320 208 320H240C248.8 320 256 312.8 256 304V272C256 263.2 248.8 256 240 256H208C199.2 256 192 263.2 192 272V304zM336 256C327.2 256 320 263.2 320 272V304C320 312.8 327.2 320 336 320H368C376.8 320 384 312.8 384 304V272C384 263.2 376.8 256 368 256H336zM64 432C64 440.8 71.16 448 80 448H112C120.8 448 128 440.8 128 432V400C128 391.2 120.8 384 112 384H80C71.16 384 64 391.2 64 400V432zM208 384C199.2 384 192 391.2 192 400V432C192 440.8 199.2 448 208 448H240C248.8 448 256 440.8 256 432V400C256 391.2 248.8 384 240 384H208zM320 432C320 440.8 327.2 448 336 448H368C376.8 448 384 440.8 384 432V400C384 391.2 376.8 384 368 384H336C327.2 384 320 391.2 320 400V432z\"><\/path><\/svg><\/div><div class=\"uagb-timeline__day-new uagb-timeline__day-right uagb-timeline__events-inner-new\"><div class=\"uagb-timeline__events-inner--content\"><div class=\"uagb-timeline__date-hide uagb-timeline__inner-date-new\">2023<\/div><h4 class=\"uagb-timeline__heading\">El presente<\/h4><p class=\"uagb-timeline-desc-content\">Con m\u00e1s de seis d\u00e9cadas de desarrollo continuo, Empresas Bretti se ha consolidado como l\u00edder en el transporte de combustibles y cargas en Chile. Nuestro compromiso con la excelencia, la incorporaci\u00f3n de tecnolog\u00eda de vanguardia y un talentoso equipo de profesionales nos posicionan como un referente en la industria del transporte.<\/p><div class=\"uagb-timeline__arrow\"><\/div><\/div><\/div><div class=\"uagb-timeline__date-new\">2023<\/div><\/article>\n<div class=\"uagb-timeline__line\"><div class=\"uagb-timeline__line__inner\"><\/div><\/div><\/div>\n\n\n\n<p class=\"has-medium-font-size\" style=\"border-style:none;border-width:0px\"><strong>Misi\u00f3n<\/strong><br><br>Brindamos servicios de transporte de carga seguros, confiables y oportunos, dentro y fuera de Chile, cumpliendo rigurosamente los requisitos legales y de nuestros clientes. Gestionamos proactivamente los riesgos de seguridad, salud y medioambiente; adoptamos tecnolog\u00edas verdes y principios de sostenibilidad; y fomentamos la inclusi\u00f3n y el trabajo colaborativo. Con un equipo altamente comprometido ejecutamos procesos eficientes dentro de un sistema integrado de gesti\u00f3n en permanente mejora continua<\/p>\n\n\n\n<p class=\"has-medium-font-size\"><strong>Visi\u00f3n<\/strong><br><br>Ser la empresa l\u00edder en transporte de carga nacional e internacional, reconocida por ofrecer soluciones log\u00edsticas seguras, eficientes y sustentables, impulsadas por la innovaci\u00f3n y la mejora continua, que elevan la satisfacci\u00f3n de nuestros clientes, promueven la inclusi\u00f3n y el desarrollo de nuestro equipo humano, y aceleran la transici\u00f3n hacia energ\u00edas limpias, generando beneficios para nuestras partes interesadas y el medioambiente.<\/p>\n\n\n\n<div class=\"wp-block-uagb-container uagb-block-fb31d53a alignfull uagb-is-root-container\"><div class=\"uagb-container-inner-blocks-wrap\">\n<h2 class=\"wp-block-heading alignwide has-text-align-center\" id=\"we-re-a-studio-in-berlin-with-an-international-practice-in-architecture-urban-planning-and-interior-design-we-believe-in-sharing-knowledge-and-promoting-dialogue-to-increase-the-creative-potential-of-collaboration\" style=\"font-size:48px;line-height:1.1\">Pol\u00edtica Integrada<\/h2>\n\n\n\n<p class=\"has-text-align-center has-medium-font-size\">En Empresas Bretti, brindamos servicios integrales de transporte nacional e internacional por carretera,<br>especializados en combustibles, qu\u00edmicos, aceites, refrigerados, residuos, carga peligrosa y no peligrosa.<br>Nuestro prop\u00f3sito es entregar soluciones seguras, eficientes y confiables que respondan a las necesidades de<br>nuestros clientes, reduciendo los riesgos a la seguridad y salud de las personas, minimizando los impactos<br>ambientales y fomentando la inclusi\u00f3n.<br><br>Comprometidos con la mejora continua y alineados con la Norma ISO 9001:2015 y los principios de<br><strong>Responsible Care de ASIQUIM<\/strong>, la Alta Direcci\u00f3n establece los siguientes compromisos, que definen nuestra<br>identidad:<\/p>\n\n\n\n<ol class=\"wp-block-list\">\n<li class=\"has-medium-font-size\"><strong>Desarrollo de las personas:<\/strong> Impulsamos el crecimiento profesional y personal de nuestros colaboradores a trav\u00e9s de la gesti\u00f3n del conocimiento y una capacitaci\u00f3n continua que fortalezca sus competencias.<br><\/li>\n\n\n\n<li class=\"has-medium-font-size\"><strong>Excelencia y conformidad:<\/strong> Prestamos servicios con los m\u00e1s altos est\u00e1ndares de calidad, cumpliendo con los requisitos legales, normativos y contractuales aplicables.<br><\/li>\n\n\n\n<li class=\"has-medium-font-size\"><strong>Gesti\u00f3n de riesgos:<\/strong> Reducimos proactivamente los riesgos operacionales, especialmente en seguridad, salud ocupacional y medioambiente, mediante la prevenci\u00f3n y el mejoramiento permanente de nuestros procesos.<br><\/li>\n\n\n\n<li class=\"has-medium-font-size\"><strong>Satisfacci\u00f3n del cliente:<\/strong> Elevamos la satisfacci\u00f3n de nuestros clientes gracias a la mejora continua, la trazabilidad integral de las operaciones y la atenci\u00f3n oportuna de sus requerimientos.<br><\/li>\n\n\n\n<li class=\"has-medium-font-size\"><strong>Relaciones de valor:<\/strong> Trabajamos en colaboraci\u00f3n con nuestro personal, clientes, proveedores y partes interesadas, fortaleciendo relaciones de confianza y beneficio mutuo.<br><\/li>\n\n\n\n<li class=\"has-medium-font-size\"><strong>Innovaci\u00f3n, tecnolog\u00eda y eficiencia:<\/strong> Innovamos y actualizamos continuamente nuestros procesos mediante tecnolog\u00eda que impulsen la eficiencia, la sustentabilidad y el desempe\u00f1o en nuestro sistema integrado de gesti\u00f3n.<br><\/li>\n\n\n\n<li class=\"has-medium-font-size\"><strong>Transici\u00f3n energ\u00e9tica:<\/strong> Buscamos activamente alternativas al di\u00e9sel como Gas Natural Licuado (GNL), tracci\u00f3n el\u00e9ctrica, hidr\u00f3geno verde u otras tecnolog\u00edas limpias emergentes, con el fin de reducir nuestra huella de carbono y asegurar un transporte m\u00e1s sostenible.<br><\/li>\n\n\n\n<li class=\"has-medium-font-size\"><strong>Inclusi\u00f3n y diversidad:<\/strong> Promovemos la inclusi\u00f3n laboral, garantizando igualdad de oportunidad y respeto por la diversidad en todos los amitos de la empresa.<\/li>\n<\/ol>\n<\/div><\/div>\n\n\n\n<p><\/p>\n","protected":false},"excerpt":{"rendered":"<p>Nuestra empresa Historia Misi\u00f3n Brindamos servicios de transporte de carga seguros, confiables y oportunos, dentro y fuera de Chile, cumpliendo rigurosamente los requisitos legales y de nuestros clientes. Gestionamos proactivamente los riesgos de seguridad, salud y medioambiente; adoptamos tecnolog\u00edas verdes y principios de sostenibilidad; y fomentamos la inclusi\u00f3n y el trabajo colaborativo. Con un equipo [&hellip;]<\/p>\n","protected":false},"author":2,"featured_media":0,"parent":0,"menu_order":0,"comment_status":"closed","ping_status":"closed","template":"","meta":{"_uag_custom_page_level_css":"","site-sidebar-layout":"no-sidebar","site-content-layout":"plain-container","ast-site-content-layout":"normal-width-container","site-content-style":"unboxed","site-sidebar-style":"unboxed","ast-global-header-display":"","ast-banner-title-visibility":"","ast-main-header-display":"","ast-hfb-above-header-display":"","ast-hfb-below-header-display":"","ast-hfb-mobile-header-display":"","site-post-title":"disabled","ast-breadcrumbs-content":"","ast-featured-img":"disabled","footer-sml-layout":"","ast-disable-related-posts":"","theme-transparent-header-meta":"enabled","adv-header-id-meta":"","stick-header-meta":"","header-above-stick-meta":"","header-main-stick-meta":"","header-below-stick-meta":"","astra-migrate-meta-layouts":"set","ast-page-background-enabled":"default","ast-page-background-meta":{"desktop":{"background-color":"var(--ast-global-color-4)","background-image":"","background-repeat":"repeat","background-position":"center center","background-size":"auto","background-attachment":"scroll","background-type":"","background-media":"","overlay-type":"","overlay-color":"","overlay-opacity":"","overlay-gradient":""},"tablet":{"background-color":"","background-image":"","background-repeat":"repeat","background-position":"center center","background-size":"auto","background-attachment":"scroll","background-type":"","background-media":"","overlay-type":"","overlay-color":"","overlay-opacity":"","overlay-gradient":""},"mobile":{"background-color":"","background-image":"","background-repeat":"repeat","background-position":"center center","background-size":"auto","background-attachment":"scroll","background-type":"","background-media":"","overlay-type":"","overlay-color":"","overlay-opacity":"","overlay-gradient":""}},"ast-content-background-meta":{"desktop":{"background-color":"var(--ast-global-color-5)","background-image":"","background-repeat":"repeat","background-position":"center center","background-size":"auto","background-attachment":"scroll","background-type":"","background-media":"","overlay-type":"","overlay-color":"","overlay-opacity":"","overlay-gradient":""},"tablet":{"background-color":"var(--ast-global-color-5)","background-image":"","background-repeat":"repeat","background-position":"center center","background-size":"auto","background-attachment":"scroll","background-type":"","background-media":"","overlay-type":"","overlay-color":"","overlay-opacity":"","overlay-gradient":""},"mobile":{"background-color":"var(--ast-global-color-5)","background-image":"","background-repeat":"repeat","background-position":"center center","background-size":"auto","background-attachment":"scroll","background-type":"","background-media":"","overlay-type":"","overlay-color":"","overlay-opacity":"","overlay-gradient":""}},"footnotes":""},"class_list":["post-499","page","type-page","status-publish","hentry"],"uagb_featured_image_src":{"full":false,"thumbnail":false,"medium":false,"medium_large":false,"large":false,"1536x1536":false,"2048x2048":false},"uagb_author_info":{"display_name":"admin","author_link":"https:\/\/www.bretti.cl\/?author=2"},"uagb_comment_info":0,"uagb_excerpt":"Nuestra empresa Historia Misi\u00f3n Brindamos servicios de transporte de carga seguros, confiables y oportunos, dentro y fuera de Chile, cumpliendo rigurosamente los requisitos legales y de nuestros clientes. Gestionamos proactivamente los riesgos de seguridad, salud y medioambiente; adoptamos tecnolog\u00edas verdes y principios de sostenibilidad; y fomentamos la inclusi\u00f3n y el trabajo colaborativo. Con un equipo&hellip;","_links":{"self":[{"href":"https:\/\/www.bretti.cl\/index.php?rest_route=\/wp\/v2\/pages\/499","targetHints":{"allow":["GET"]}}],"collection":[{"href":"https:\/\/www.bretti.cl\/index.php?rest_route=\/wp\/v2\/pages"}],"about":[{"href":"https:\/\/www.bretti.cl\/index.php?rest_route=\/wp\/v2\/types\/page"}],"author":[{"embeddable":true,"href":"https:\/\/www.bretti.cl\/index.php?rest_route=\/wp\/v2\/users\/2"}],"replies":[{"embeddable":true,"href":"https:\/\/www.bretti.cl\/index.php?rest_route=%2Fwp%2Fv2%2Fcomments&post=499"}],"version-history":[{"count":29,"href":"https:\/\/www.bretti.cl\/index.php?rest_route=\/wp\/v2\/pages\/499\/revisions"}],"predecessor-version":[{"id":1691,"href":"https:\/\/www.bretti.cl\/index.php?rest_route=\/wp\/v2\/pages\/499\/revisions\/1691"}],"wp:attachment":[{"href":"https:\/\/www.bretti.cl\/index.php?rest_route=%2Fwp%2Fv2%2Fmedia&parent=499"}],"curies":[{"name":"wp","href":"https:\/\/api.w.org\/{rel}","templated":true}]}}