{"id":497,"date":"2022-02-21T12:44:08","date_gmt":"2022-02-21T11:44:08","guid":{"rendered":"https:\/\/www.bretti.cl\/?page_id=497"},"modified":"2024-07-30T23:54:59","modified_gmt":"2024-07-30T21:54:59","slug":"portal-empleado","status":"publish","type":"page","link":"https:\/\/www.bretti.cl\/?page_id=497","title":{"rendered":"Servicios"},"content":{"rendered":"\n<div class=\"wp-block-uagb-container uagb-block-df68ccbb alignfull uagb-is-root-container\"><div class=\"uagb-container-inner-blocks-wrap\">\n<div class=\"wp-block-uagb-advanced-heading uagb-block-98507208\"><h1 class=\"uagb-heading-text\">servicios<\/h1><\/div>\n<\/div><\/div>\n\n\n\n<p class=\"has-text-align-center has-large-font-size\"><strong>Nuestros Servicios de Transporte Especializados<\/strong><\/p>\n\n\n\n<p class=\"has-text-align-center has-medium-font-size\">A continuaci\u00f3n, te presentamos nuestros servicios de transporte especializados, dise\u00f1ados para cubrir las demandas espec\u00edficas de diferentes industrias. Contamos con personal capacitado, equipos modernos y una atenci\u00f3n al detalle que nos permite garantizar la entrega segura y puntual de tus mercanc\u00edas. Explora nuestras \u00e1reas de especializaci\u00f3n y descubre c\u00f3mo podemos ayudarte a llevar tus productos a su destino de manera confiable y eficiente.<\/p>\n\n\n\n<div class=\"wp-block-uagb-container uagb-block-d693e7c4 alignfull uagb-is-root-container\"><div class=\"uagb-container-inner-blocks-wrap\">\n<div class=\"wp-block-uagb-container uagb-block-363d8d7b\">\n<div class=\"wp-block-uagb-container uagb-block-4abdd8c7\">\n<div class=\"wp-block-uagb-info-box uagb-block-c25e54e8 uagb-infobox__content-wrap  uagb-infobox-icon-above-title uagb-infobox-image-valign-top\"><div class=\"uagb-ifb-content\"><div class=\"uagb-ifb-image-content\"><img decoding=\"async\" src=\"https:\/\/www.bretti.cl\/wp-content\/uploads\/2023\/06\/2.png\" alt=\"\" width=\"380\" height=\"250\" loading=\"lazy\"\/><\/div><div class=\"uagb-ifb-title-wrap\"><h3 class=\"uagb-ifb-title\">Transporte de Quimicos<\/h3><\/div><p class=\"uagb-ifb-desc\">Soluciones especializadas en transporte seguro y confiable de productos qu\u00edmicos.<\/p><div class=\"uagb-ifb-button-wrapper wp-block-button\"><a href=\"\" target=\"_self\" onclick=\"return false;\" class=\"uagb-infobox-cta-link\" rel=\"noopener noreferrer\" alt=\"\"><span class=\"uagb-inline-editing\">Leer m\u00e1s<\/span><svg xmlns=\"https:\/\/www.w3.org\/2000\/svg\" viewBox=\"0 0 512 512\"><path d=\"M504.3 273.6l-112.1 104c-6.992 6.484-17.18 8.218-25.94 4.406c-8.758-3.812-14.42-12.45-14.42-21.1L351.9 288H32C14.33 288 .0002 273.7 .0002 255.1S14.33 224 32 224h319.9l0-72c0-9.547 5.66-18.19 14.42-22c8.754-3.809 18.95-2.075 25.94 4.41l112.1 104C514.6 247.9 514.6 264.1 504.3 273.6z\"><\/path><\/svg><\/a><\/div><\/div><\/div>\n<\/div>\n\n\n\n<div class=\"wp-block-uagb-container uagb-block-3b9a45f2\">\n<div class=\"wp-block-uagb-info-box uagb-block-d12f1a43 uagb-infobox__content-wrap  uagb-infobox-icon-above-title uagb-infobox-image-valign-top\"><div class=\"uagb-ifb-content\"><div class=\"uagb-ifb-image-content\"><img decoding=\"async\" src=\"https:\/\/www.bretti.cl\/wp-content\/uploads\/2023\/06\/4.png\" alt=\"\" width=\"380\" height=\"250\" loading=\"lazy\"\/><\/div><div class=\"uagb-ifb-title-wrap\"><h3 class=\"uagb-ifb-title\">Transporte de Combustible<\/h3><\/div><p class=\"uagb-ifb-desc\">Expertos en transporte eficiente y seguro de combustibles para diversas industrias.<\/p><div class=\"uagb-ifb-button-wrapper wp-block-button\"><a href=\"\" target=\"_self\" onclick=\"return false;\" class=\"uagb-infobox-cta-link\" rel=\"noopener noreferrer\" alt=\"\"><span class=\"uagb-inline-editing\">Leer m\u00e1s<\/span><svg xmlns=\"https:\/\/www.w3.org\/2000\/svg\" viewBox=\"0 0 512 512\"><path d=\"M504.3 273.6l-112.1 104c-6.992 6.484-17.18 8.218-25.94 4.406c-8.758-3.812-14.42-12.45-14.42-21.1L351.9 288H32C14.33 288 .0002 273.7 .0002 255.1S14.33 224 32 224h319.9l0-72c0-9.547 5.66-18.19 14.42-22c8.754-3.809 18.95-2.075 25.94 4.41l112.1 104C514.6 247.9 514.6 264.1 504.3 273.6z\"><\/path><\/svg><\/a><\/div><\/div><\/div>\n<\/div>\n\n\n\n<div class=\"wp-block-uagb-container uagb-block-cd5f3f7e\">\n<div class=\"wp-block-uagb-info-box uagb-block-c09dada5 uagb-infobox__content-wrap  uagb-infobox-icon-above-title uagb-infobox-image-valign-top\"><div class=\"uagb-ifb-content\"><div class=\"uagb-ifb-image-content\"><img decoding=\"async\" src=\"https:\/\/www.bretti.cl\/wp-content\/uploads\/2023\/06\/3.png\" alt=\"\" width=\"380\" height=\"250\" loading=\"lazy\"\/><\/div><div class=\"uagb-ifb-title-wrap\"><h3 class=\"uagb-ifb-title\">Transporte de Aceites<\/h3><\/div><p class=\"uagb-ifb-desc\">Servicios confiables y especializados en el transporte seguro de aceites<\/p><div class=\"uagb-ifb-button-wrapper wp-block-button\"><a href=\"\" target=\"_self\" onclick=\"return false;\" class=\"uagb-infobox-cta-link\" rel=\"noopener noreferrer\" alt=\"\"><span class=\"uagb-inline-editing\">Leer m\u00e1s<\/span><svg xmlns=\"https:\/\/www.w3.org\/2000\/svg\" viewBox=\"0 0 512 512\"><path d=\"M504.3 273.6l-112.1 104c-6.992 6.484-17.18 8.218-25.94 4.406c-8.758-3.812-14.42-12.45-14.42-21.1L351.9 288H32C14.33 288 .0002 273.7 .0002 255.1S14.33 224 32 224h319.9l0-72c0-9.547 5.66-18.19 14.42-22c8.754-3.809 18.95-2.075 25.94 4.41l112.1 104C514.6 247.9 514.6 264.1 504.3 273.6z\"><\/path><\/svg><\/a><\/div><\/div><\/div>\n<\/div>\n<\/div>\n\n\n\n<div class=\"wp-block-uagb-container uagb-block-6ebe5a77\">\n<div class=\"wp-block-uagb-container uagb-block-50b074b7\">\n<div class=\"wp-block-uagb-info-box uagb-block-ca623aab uagb-infobox__content-wrap  uagb-infobox-icon-above-title uagb-infobox-image-valign-top\"><div class=\"uagb-ifb-content\"><div class=\"uagb-ifb-image-content\"><img decoding=\"async\" src=\"https:\/\/www.bretti.cl\/wp-content\/uploads\/2023\/06\/Diseno-sin-titulo.png\" alt=\"\" width=\"380\" height=\"250\" loading=\"lazy\"\/><\/div><div class=\"uagb-ifb-title-wrap\"><h3 class=\"uagb-ifb-title\">Transporte de Cargas Planas y Cortinas<\/h3><\/div><p class=\"uagb-ifb-desc\">Soluciones integrales en transporte confiable y eficiente de cargas planas.<br><\/p><\/div><\/div>\n<\/div>\n\n\n\n<div class=\"wp-block-uagb-container uagb-block-4067b8d1\">\n<div class=\"wp-block-uagb-info-box uagb-block-a5506cde uagb-infobox__content-wrap  uagb-infobox-icon-above-title uagb-infobox-image-valign-top\"><div class=\"uagb-ifb-content\"><div class=\"uagb-ifb-image-content\"><img decoding=\"async\" src=\"https:\/\/www.bretti.cl\/wp-content\/uploads\/2023\/06\/Diseno-sin-titulo-3.png\" alt=\"\" width=\"380\" height=\"250\" loading=\"lazy\"\/><\/div><div class=\"uagb-ifb-title-wrap\"><h3 class=\"uagb-ifb-title\">Transporte de cargas Frigor\u00edficas\u200b\u200b<\/h3><\/div><p class=\"uagb-ifb-desc\">Transporte especializado en frigor\u00edficos para garantizar la cadena de fr\u00edo.<br><\/p><\/div><\/div>\n<\/div>\n\n\n\n<div class=\"wp-block-uagb-container uagb-block-a594a46f\">\n<div class=\"wp-block-uagb-info-box uagb-block-50320857 uagb-infobox__content-wrap  uagb-infobox-icon-above-title uagb-infobox-image-valign-top\"><div class=\"uagb-ifb-content\"><div class=\"uagb-ifb-image-content\"><img decoding=\"async\" src=\"https:\/\/www.bretti.cl\/wp-content\/uploads\/2023\/06\/Diseno-sin-titulo-2.png\" alt=\"\" width=\"380\" height=\"250\" loading=\"lazy\"\/><\/div><div class=\"uagb-ifb-title-wrap\"><h3 class=\"uagb-ifb-title\">Transporte de Residuos Peligrosos<\/h3><\/div><p class=\"uagb-ifb-desc\">Transporte responsable y seguro de residuos peligrosos con est\u00e1ndares rigurosos.<\/p><\/div><\/div>\n<\/div>\n<\/div>\n<\/div><\/div>\n\n\n<style id=\"sp_lcp_dynamic_css1484\">div#logo-carousel-free-1484.logo-carousel-free .sp-lc-logo{border: 1px solid #dddddd;border-radius: 0px;overflow: hidden;}div#logo-carousel-free-1484.logo-carousel-free .sp-lc-logo:hover{border-color: #16a08b;}#logo-carousel-free-1484.sp-lc-container .sp-lc-pagination .swiper-pagination-bullet {background-color: #dddddd;margin: 0 4px;}#logo-carousel-free-1484.sp-lc-container .sp-lc-pagination .swiper-pagination-bullet.swiper-pagination-bullet-active{background-color: #16a08b; }#logo-carousel-free-1484.sp-lc-container .sp-logo-carousel {padding-top: 46px;}#logo-carousel-free-1484.sp-lc-container .sp-lc-button-prev,#logo-carousel-free-1484.sp-lc-container .sp-lc-button-next {color: #aaaaaa;background: transparent;border: 1px solid #aaaaaa;line-height: 28px;}#logo-carousel-free-1484.sp-lc-container .sp-lc-button-prev:hover,#logo-carousel-free-1484.sp-lc-container .sp-lc-button-next:hover{background-color: #16a08b;color: #ffffff;border-color: #16a08b;}@media only screen and (max-width: 576px) {} .logo-carousel-free-area#logo-carousel-free-1484{position: relative;}#lcp-preloader-1484{position: absolute;left: 0;top: 0;height: 100%;width: 100%;text-align: center;display: flex;align-items: center;justify-content: center;background: #fff;z-index: 9999;} .logo-carousel-free-area#logo-carousel-free-1484 .sp-logo-carousel-section-title{margin-bottom: 30px;}#logo-carousel-free-1484 .sp-lc-grid-container { justify-content: left; align-items: center; } #logo-carousel-free-1484 .swiper-wrapper .swiper-slide { align-self: center; }#logo-carousel-free-1484 .sp-lc-grid-container {margin-left: -6px;margin-right: -6px;width: calc( 100% + 12px);}#logo-carousel-free-1484 .sp-lc-grid-container [class*=\"lc-col\"] {padding-left: 6px;padding-right: 6px;padding-bottom: 12px;}@media screen and (min-width: 1200px ){.logo-carousel-free-area#logo-carousel-free-1484 .sp-logo-carousel:not([class*=\"-initialized\"]) > .swiper-wrapper {display: flex;width: calc( 100% + 12px );}.logo-carousel-free-area#logo-carousel-free-1484 .sp-logo-carousel:not([class*=\"-initialized\"]) > .swiper-wrapper > .swiper-slide {width: 20%;padding-right: 12px;}}<\/style>\n<div id='logo-carousel-free-1484' class=\"logo-carousel-free logo-carousel-free-area sp-lc-container\">\n\t\t\t<div id=\"lcp-preloader-1484\" class=\"sp-logo-carousel-preloader\"><img decoding=\"async\" src=\"https:\/\/www.bretti.cl\/wp-content\/plugins\/logo-carousel-free\/admin\/assets\/images\/spinner.svg\" class=\"skip-lazy\" alt=\"Loader Image\"\/><\/div>\n\t\t\t<div id=\"sp-logo-carousel-id-1484\" class=\"swiper-container sp-logo-carousel  lcp-preloader\" dir=\"ltr\" data-carousel='{ \"speed\":600,\"spaceBetween\": 12, \"autoplay\": true, \"infinite\":true, \"autoplay_speed\": 3000, \"stop_onHover\": true, \"pagination\": true, \"navigation\": true, \"MobileNav\": true, \"MobilePagi\": true, \"simulateTouch\": true,\"freeMode\": false,\"swipeToSlide\": false, \"carousel_accessibility\": true,\"adaptiveHeight\": false,\"allowTouchMove\": true, \"slidesPerView\": { \"lg_desktop\": 5, \"desktop\": 4, \"tablet\": 3, \"mobile\": 1, \"mobile_landscape\": 2 } }' data-carousel-starts-onscreen=\"false\">\n\t\t<div class=\"swiper-wrapper\">\n\t\t\t\t<div class=\"swiper-slide\"><div class=\"sp-lc-logo\"><img loading=\"lazy\" decoding=\"async\" src=\"https:\/\/www.bretti.cl\/wp-content\/uploads\/2023\/07\/6.png\" title=\"\" alt=\"Bakelite\" width=\"1181\" height=\"591\" class=\"sp-lc-image\"><\/div><\/div>\n\t\t<div class=\"swiper-slide\"><div class=\"sp-lc-logo\"><img loading=\"lazy\" decoding=\"async\" src=\"https:\/\/www.bretti.cl\/wp-content\/uploads\/2023\/07\/5.png\" title=\"\" alt=\"Esmax\" width=\"1181\" height=\"591\" class=\"sp-lc-image\"><\/div><\/div>\n\t\t<div class=\"swiper-slide\"><div class=\"sp-lc-logo\"><img loading=\"lazy\" decoding=\"async\" src=\"https:\/\/www.bretti.cl\/wp-content\/uploads\/2023\/07\/1.png\" title=\"\" alt=\"SQM\" width=\"1181\" height=\"591\" class=\"sp-lc-image\"><\/div><\/div>\n\t\t<div class=\"swiper-slide\"><div class=\"sp-lc-logo\"><img loading=\"lazy\" decoding=\"async\" src=\"https:\/\/www.bretti.cl\/wp-content\/uploads\/2023\/07\/4.png\" title=\"\" alt=\"Molynor\" width=\"1181\" height=\"591\" class=\"sp-lc-image\"><\/div><\/div>\n\t\t<div class=\"swiper-slide\"><div class=\"sp-lc-logo\"><img loading=\"lazy\" decoding=\"async\" src=\"https:\/\/www.bretti.cl\/wp-content\/uploads\/2023\/07\/3.png\" title=\"\" alt=\"Biomar\" width=\"1181\" height=\"591\" class=\"sp-lc-image\"><\/div><\/div>\n\t\t<div class=\"swiper-slide\"><div class=\"sp-lc-logo\"><img loading=\"lazy\" decoding=\"async\" src=\"https:\/\/www.bretti.cl\/wp-content\/uploads\/2023\/07\/2.png\" title=\"\" alt=\"oxy\" width=\"1181\" height=\"591\" class=\"sp-lc-image\"><\/div><\/div>\n\t\t<div class=\"swiper-slide\"><div class=\"sp-lc-logo\"><img loading=\"lazy\" decoding=\"async\" src=\"https:\/\/www.bretti.cl\/wp-content\/uploads\/2023\/07\/7.png\" title=\"\" alt=\"Copec\" width=\"1181\" height=\"591\" class=\"sp-lc-image\"><\/div><\/div>\n\t\t<div class=\"swiper-slide\"><div class=\"sp-lc-logo\"><img loading=\"lazy\" decoding=\"async\" src=\"https:\/\/www.bretti.cl\/wp-content\/uploads\/2023\/07\/8.png\" title=\"\" alt=\"Colbun\" width=\"1181\" height=\"591\" class=\"sp-lc-image\"><\/div><\/div>\n\t\t<div class=\"swiper-slide\"><div class=\"sp-lc-logo\"><img loading=\"lazy\" decoding=\"async\" src=\"https:\/\/www.bretti.cl\/wp-content\/uploads\/2023\/07\/10-1.png\" title=\"\" alt=\"Agrosuper\" width=\"1181\" height=\"591\" class=\"sp-lc-image\"><\/div><\/div>\n\t\t<div class=\"swiper-slide\"><div class=\"sp-lc-logo\"><img loading=\"lazy\" decoding=\"async\" src=\"https:\/\/www.bretti.cl\/wp-content\/uploads\/2023\/07\/9.png\" title=\"\" alt=\"Adquim\" width=\"1181\" height=\"591\" class=\"sp-lc-image\"><\/div><\/div>\n\t\t<div class=\"swiper-slide\"><div class=\"sp-lc-logo\"><img loading=\"lazy\" decoding=\"async\" src=\"https:\/\/www.bretti.cl\/wp-content\/uploads\/2023\/07\/12-1.png\" title=\"\" alt=\"Enex\" width=\"1181\" height=\"591\" class=\"sp-lc-image\"><\/div><\/div>\n\t\t<div class=\"swiper-slide\"><div class=\"sp-lc-logo\"><img loading=\"lazy\" decoding=\"async\" src=\"https:\/\/www.bretti.cl\/wp-content\/uploads\/2023\/07\/11-1.png\" title=\"\" alt=\"Oxiquim\" width=\"1181\" height=\"591\" class=\"sp-lc-image\"><\/div><\/div>\n\t\t\t<\/div>\n\n\t\t\t\t\t<div class=\"sp-lc-pagination swiper-pagination dots\"><\/div>\n\t\t\t\t\t\t<div class=\"sp-lc-button-next\"><i class=\"fa fa-angle-right\"><\/i><\/div>\n\t\t\t<div class=\"sp-lc-button-prev\"><i class=\"fa fa-angle-left\"><\/i><\/div>\n\t\t\t\t<\/div>\n<\/div>\n\n","protected":false},"excerpt":{"rendered":"<p>servicios Nuestros Servicios de Transporte Especializados A continuaci\u00f3n, te presentamos nuestros servicios de transporte especializados, dise\u00f1ados para cubrir las demandas espec\u00edficas de diferentes industrias. Contamos con personal capacitado, equipos modernos y una atenci\u00f3n al detalle que nos permite garantizar la entrega segura y puntual de tus mercanc\u00edas. Explora nuestras \u00e1reas de especializaci\u00f3n y descubre c\u00f3mo [&hellip;]<\/p>\n","protected":false},"author":2,"featured_media":0,"parent":0,"menu_order":0,"comment_status":"closed","ping_status":"closed","template":"","meta":{"_uag_custom_page_level_css":"","site-sidebar-layout":"no-sidebar","site-content-layout":"plain-container","ast-site-content-layout":"default","site-content-style":"default","site-sidebar-style":"default","ast-global-header-display":"","ast-banner-title-visibility":"","ast-main-header-display":"","ast-hfb-above-header-display":"","ast-hfb-below-header-display":"","ast-hfb-mobile-header-display":"","site-post-title":"disabled","ast-breadcrumbs-content":"","ast-featured-img":"disabled","footer-sml-layout":"","ast-disable-related-posts":"","theme-transparent-header-meta":"enabled","adv-header-id-meta":"","stick-header-meta":"","header-above-stick-meta":"","header-main-stick-meta":"","header-below-stick-meta":"","astra-migrate-meta-layouts":"default","ast-page-background-enabled":"default","ast-page-background-meta":{"desktop":{"background-color":"var(--ast-global-color-4)","background-image":"","background-repeat":"repeat","background-position":"center center","background-size":"auto","background-attachment":"scroll","background-type":"","background-media":"","overlay-type":"","overlay-color":"","overlay-opacity":"","overlay-gradient":""},"tablet":{"background-color":"","background-image":"","background-repeat":"repeat","background-position":"center center","background-size":"auto","background-attachment":"scroll","background-type":"","background-media":"","overlay-type":"","overlay-color":"","overlay-opacity":"","overlay-gradient":""},"mobile":{"background-color":"","background-image":"","background-repeat":"repeat","background-position":"center center","background-size":"auto","background-attachment":"scroll","background-type":"","background-media":"","overlay-type":"","overlay-color":"","overlay-opacity":"","overlay-gradient":""}},"ast-content-background-meta":{"desktop":{"background-color":"var(--ast-global-color-5)","background-image":"","background-repeat":"repeat","background-position":"center center","background-size":"auto","background-attachment":"scroll","background-type":"","background-media":"","overlay-type":"","overlay-color":"","overlay-opacity":"","overlay-gradient":""},"tablet":{"background-color":"var(--ast-global-color-5)","background-image":"","background-repeat":"repeat","background-position":"center center","background-size":"auto","background-attachment":"scroll","background-type":"","background-media":"","overlay-type":"","overlay-color":"","overlay-opacity":"","overlay-gradient":""},"mobile":{"background-color":"var(--ast-global-color-5)","background-image":"","background-repeat":"repeat","background-position":"center center","background-size":"auto","background-attachment":"scroll","background-type":"","background-media":"","overlay-type":"","overlay-color":"","overlay-opacity":"","overlay-gradient":""}},"footnotes":""},"class_list":["post-497","page","type-page","status-publish","hentry"],"uagb_featured_image_src":{"full":false,"thumbnail":false,"medium":false,"medium_large":false,"large":false,"1536x1536":false,"2048x2048":false},"uagb_author_info":{"display_name":"admin","author_link":"https:\/\/www.bretti.cl\/?author=2"},"uagb_comment_info":0,"uagb_excerpt":"servicios Nuestros Servicios de Transporte Especializados A continuaci\u00f3n, te presentamos nuestros servicios de transporte especializados, dise\u00f1ados para cubrir las demandas espec\u00edficas de diferentes industrias. Contamos con personal capacitado, equipos modernos y una atenci\u00f3n al detalle que nos permite garantizar la entrega segura y puntual de tus mercanc\u00edas. Explora nuestras \u00e1reas de especializaci\u00f3n y descubre c\u00f3mo&hellip;","_links":{"self":[{"href":"https:\/\/www.bretti.cl\/index.php?rest_route=\/wp\/v2\/pages\/497","targetHints":{"allow":["GET"]}}],"collection":[{"href":"https:\/\/www.bretti.cl\/index.php?rest_route=\/wp\/v2\/pages"}],"about":[{"href":"https:\/\/www.bretti.cl\/index.php?rest_route=\/wp\/v2\/types\/page"}],"author":[{"embeddable":true,"href":"https:\/\/www.bretti.cl\/index.php?rest_route=\/wp\/v2\/users\/2"}],"replies":[{"embeddable":true,"href":"https:\/\/www.bretti.cl\/index.php?rest_route=%2Fwp%2Fv2%2Fcomments&post=497"}],"version-history":[{"count":11,"href":"https:\/\/www.bretti.cl\/index.php?rest_route=\/wp\/v2\/pages\/497\/revisions"}],"predecessor-version":[{"id":1626,"href":"https:\/\/www.bretti.cl\/index.php?rest_route=\/wp\/v2\/pages\/497\/revisions\/1626"}],"wp:attachment":[{"href":"https:\/\/www.bretti.cl\/index.php?rest_route=%2Fwp%2Fv2%2Fmedia&parent=497"}],"curies":[{"name":"wp","href":"https:\/\/api.w.org\/{rel}","templated":true}]}}