{"id":1577,"date":"2023-12-05T22:17:29","date_gmt":"2023-12-05T21:17:29","guid":{"rendered":"https:\/\/www.bretti.cl\/?page_id=1577"},"modified":"2023-12-06T12:34:35","modified_gmt":"2023-12-06T11:34:35","slug":"denuncia","status":"publish","type":"page","link":"https:\/\/www.bretti.cl\/?page_id=1577","title":{"rendered":"Canal Denuncia"},"content":{"rendered":"\n<div class=\"wp-block-uagb-container uagb-block-d2a2abea alignfull uagb-is-root-container\"><div class=\"uagb-container-inner-blocks-wrap\">\n<div class=\"wp-block-uagb-advanced-heading uagb-block-c5fd27ef\"><\/div>\n<\/div><\/div>\n\n\n\n<div class=\"wp-block-uagb-container uagb-block-d04c0628 alignfull uagb-is-root-container\"><div class=\"uagb-container-inner-blocks-wrap\">\n<div class=\"wp-block-uagb-advanced-heading uagb-block-eb8c6da7\"><h3 class=\"uagb-heading-text\">Env\u00edanos tu documentaci\u00f3n <\/h3><\/div>\n\n\n\n<div class=\"wp-block-uagb-advanced-heading uagb-block-51fbe8fe\"><h2 class=\"uagb-heading-text\">Canal de Denuncia<\/h2><\/div>\n<\/div><\/div>\n\n\n\n<p class=\"has-medium-font-size\">El Canal de Denuncia de Transportes Bretti es la v\u00eda mediante la cual los colaboradores y\/o terceros vinculados a la Empresa pueden presentar denuncias relacionadas con posibles incumplimientos al Reglamento Interno de Orden, Higiene y Seguridad, al c\u00f3digo de \u00e9tica y, pr\u00f3ximamente, a nuestra Pol\u00edtica de Prevenci\u00f3n de Delitos.<\/p>\n\n\n\n<p class=\"has-medium-font-size\">\n<div class=\"wpcf7 no-js\" id=\"wpcf7-f1582-o1\" lang=\"es-ES\" dir=\"ltr\" data-wpcf7-id=\"1582\">\n<div class=\"screen-reader-response\"><p role=\"status\" aria-live=\"polite\" aria-atomic=\"true\"><\/p> <ul><\/ul><\/div>\n<form action=\"\/index.php?rest_route=%2Fwp%2Fv2%2Fpages%2F1577#wpcf7-f1582-o1\" method=\"post\" class=\"wpcf7-form init\" aria-label=\"Formulario de contacto\" novalidate=\"novalidate\" data-status=\"init\">\n<fieldset class=\"hidden-fields-container\"><input type=\"hidden\" name=\"_wpcf7\" value=\"1582\" \/><input type=\"hidden\" name=\"_wpcf7_version\" value=\"6.1.5\" \/><input type=\"hidden\" name=\"_wpcf7_locale\" value=\"es_ES\" \/><input type=\"hidden\" name=\"_wpcf7_unit_tag\" value=\"wpcf7-f1582-o1\" \/><input type=\"hidden\" name=\"_wpcf7_container_post\" value=\"0\" \/><input type=\"hidden\" name=\"_wpcf7_posted_data_hash\" value=\"\" \/>\n<\/fieldset>\n<p><label> Nombre Completo<br \/>\n<span class=\"wpcf7-form-control-wrap\" data-name=\"your-name\"><input size=\"40\" maxlength=\"400\" class=\"wpcf7-form-control wpcf7-text wpcf7-validates-as-required\" autocomplete=\"name\" aria-required=\"true\" aria-invalid=\"false\" value=\"\" type=\"text\" name=\"your-name\" \/><\/span> <\/label>\n<\/p>\n<p><label> Correo electr\u00f3nico<br \/>\n<span class=\"wpcf7-form-control-wrap\" data-name=\"your-email\"><input size=\"40\" maxlength=\"400\" class=\"wpcf7-form-control wpcf7-email wpcf7-validates-as-required wpcf7-text wpcf7-validates-as-email\" autocomplete=\"email\" aria-required=\"true\" aria-invalid=\"false\" value=\"\" type=\"email\" name=\"your-email\" \/><\/span> <\/label>\n<\/p>\n<p><label> Telefono<br \/>\n<span class=\"wpcf7-form-control-wrap\" data-name=\"tel-656\"><input size=\"40\" maxlength=\"400\" class=\"wpcf7-form-control wpcf7-tel wpcf7-validates-as-required wpcf7-text wpcf7-validates-as-tel\" aria-required=\"true\" aria-invalid=\"false\" value=\"\" type=\"tel\" name=\"tel-656\" \/><\/span> <\/label>\n<\/p>\n<p><label> Asunto<br \/>\n<span class=\"wpcf7-form-control-wrap\" data-name=\"menu-302\"><select class=\"wpcf7-form-control wpcf7-select wpcf7-validates-as-required\" aria-required=\"true\" aria-invalid=\"false\" name=\"menu-302\"><option value=\"Orden, Higiene y Seguridad\">Orden, Higiene y Seguridad<\/option><option value=\"C\u00f3digo de \u00c9tica\">C\u00f3digo de \u00c9tica<\/option><option value=\"Prevenci\u00f3n de Delitos\">Prevenci\u00f3n de Delitos<\/option><\/select><\/span> <\/label>\n<\/p>\n<p><label> Tu mensaje (opcional)<br \/>\n<span class=\"wpcf7-form-control-wrap\" data-name=\"your-message\"><textarea cols=\"40\" rows=\"10\" maxlength=\"2000\" class=\"wpcf7-form-control wpcf7-textarea\" aria-invalid=\"false\" name=\"your-message\"><\/textarea><\/span> <\/label>\n<\/p>\n<p><input class=\"wpcf7-form-control wpcf7-submit has-spinner\" type=\"submit\" value=\"Enviar\" \/>\n<\/p><div class=\"wpcf7-response-output\" aria-hidden=\"true\"><\/div>\n<\/form>\n<\/div>\n<\/p>\n\n\n\n<figure class=\"wp-block-image size-large\"><img loading=\"lazy\" decoding=\"async\" width=\"1024\" height=\"155\" src=\"https:\/\/www.bretti.cl\/wp-content\/uploads\/2023\/07\/Banner-Acreditaciones-1024x155.jpg\" alt=\"\" class=\"wp-image-1434\" srcset=\"https:\/\/www.bretti.cl\/wp-content\/uploads\/2023\/07\/Banner-Acreditaciones-1024x155.jpg 1024w, https:\/\/www.bretti.cl\/wp-content\/uploads\/2023\/07\/Banner-Acreditaciones-300x45.jpg 300w, https:\/\/www.bretti.cl\/wp-content\/uploads\/2023\/07\/Banner-Acreditaciones-768x116.jpg 768w, https:\/\/www.bretti.cl\/wp-content\/uploads\/2023\/07\/Banner-Acreditaciones-1536x232.jpg 1536w, https:\/\/www.bretti.cl\/wp-content\/uploads\/2023\/07\/Banner-Acreditaciones.jpg 1871w\" sizes=\"auto, (max-width: 1024px) 100vw, 1024px\" \/><\/figure>\n","protected":false},"excerpt":{"rendered":"<p>Env\u00edanos tu documentaci\u00f3n Canal de Denuncia El Canal de Denuncia de Transportes Bretti es la v\u00eda mediante la cual los colaboradores y\/o terceros vinculados a la Empresa pueden presentar denuncias relacionadas con posibles incumplimientos al Reglamento Interno de Orden, Higiene y Seguridad, al c\u00f3digo de \u00e9tica y, pr\u00f3ximamente, a nuestra Pol\u00edtica de Prevenci\u00f3n de Delitos.<\/p>\n","protected":false},"author":2,"featured_media":0,"parent":0,"menu_order":0,"comment_status":"closed","ping_status":"closed","template":"","meta":{"_uag_custom_page_level_css":"","site-sidebar-layout":"no-sidebar","site-content-layout":"plain-container","ast-site-content-layout":"normal-width-container","site-content-style":"unboxed","site-sidebar-style":"unboxed","ast-global-header-display":"","ast-banner-title-visibility":"","ast-main-header-display":"","ast-hfb-above-header-display":"","ast-hfb-below-header-display":"","ast-hfb-mobile-header-display":"","site-post-title":"disabled","ast-breadcrumbs-content":"","ast-featured-img":"disabled","footer-sml-layout":"","ast-disable-related-posts":"","theme-transparent-header-meta":"enabled","adv-header-id-meta":"","stick-header-meta":"","header-above-stick-meta":"","header-main-stick-meta":"","header-below-stick-meta":"","astra-migrate-meta-layouts":"set","ast-page-background-enabled":"default","ast-page-background-meta":{"desktop":{"background-color":"var(--ast-global-color-4)","background-image":"","background-repeat":"repeat","background-position":"center center","background-size":"auto","background-attachment":"scroll","background-type":"","background-media":"","overlay-type":"","overlay-color":"","overlay-opacity":"","overlay-gradient":""},"tablet":{"background-color":"","background-image":"","background-repeat":"repeat","background-position":"center center","background-size":"auto","background-attachment":"scroll","background-type":"","background-media":"","overlay-type":"","overlay-color":"","overlay-opacity":"","overlay-gradient":""},"mobile":{"background-color":"","background-image":"","background-repeat":"repeat","background-position":"center center","background-size":"auto","background-attachment":"scroll","background-type":"","background-media":"","overlay-type":"","overlay-color":"","overlay-opacity":"","overlay-gradient":""}},"ast-content-background-meta":{"desktop":{"background-color":"var(--ast-global-color-5)","background-image":"","background-repeat":"repeat","background-position":"center center","background-size":"auto","background-attachment":"scroll","background-type":"","background-media":"","overlay-type":"","overlay-color":"","overlay-opacity":"","overlay-gradient":""},"tablet":{"background-color":"var(--ast-global-color-5)","background-image":"","background-repeat":"repeat","background-position":"center center","background-size":"auto","background-attachment":"scroll","background-type":"","background-media":"","overlay-type":"","overlay-color":"","overlay-opacity":"","overlay-gradient":""},"mobile":{"background-color":"var(--ast-global-color-5)","background-image":"","background-repeat":"repeat","background-position":"center center","background-size":"auto","background-attachment":"scroll","background-type":"","background-media":"","overlay-type":"","overlay-color":"","overlay-opacity":"","overlay-gradient":""}},"footnotes":""},"class_list":["post-1577","page","type-page","status-publish","hentry"],"uagb_featured_image_src":{"full":false,"thumbnail":false,"medium":false,"medium_large":false,"large":false,"1536x1536":false,"2048x2048":false},"uagb_author_info":{"display_name":"admin","author_link":"https:\/\/www.bretti.cl\/?author=2"},"uagb_comment_info":0,"uagb_excerpt":"Env\u00edanos tu documentaci\u00f3n Canal de Denuncia El Canal de Denuncia de Transportes Bretti es la v\u00eda mediante la cual los colaboradores y\/o terceros vinculados a la Empresa pueden presentar denuncias relacionadas con posibles incumplimientos al Reglamento Interno de Orden, Higiene y Seguridad, al c\u00f3digo de \u00e9tica y, pr\u00f3ximamente, a nuestra Pol\u00edtica de Prevenci\u00f3n de Delitos.","_links":{"self":[{"href":"https:\/\/www.bretti.cl\/index.php?rest_route=\/wp\/v2\/pages\/1577","targetHints":{"allow":["GET"]}}],"collection":[{"href":"https:\/\/www.bretti.cl\/index.php?rest_route=\/wp\/v2\/pages"}],"about":[{"href":"https:\/\/www.bretti.cl\/index.php?rest_route=\/wp\/v2\/types\/page"}],"author":[{"embeddable":true,"href":"https:\/\/www.bretti.cl\/index.php?rest_route=\/wp\/v2\/users\/2"}],"replies":[{"embeddable":true,"href":"https:\/\/www.bretti.cl\/index.php?rest_route=%2Fwp%2Fv2%2Fcomments&post=1577"}],"version-history":[{"count":4,"href":"https:\/\/www.bretti.cl\/index.php?rest_route=\/wp\/v2\/pages\/1577\/revisions"}],"predecessor-version":[{"id":1585,"href":"https:\/\/www.bretti.cl\/index.php?rest_route=\/wp\/v2\/pages\/1577\/revisions\/1585"}],"wp:attachment":[{"href":"https:\/\/www.bretti.cl\/index.php?rest_route=%2Fwp%2Fv2%2Fmedia&parent=1577"}],"curies":[{"name":"wp","href":"https:\/\/api.w.org\/{rel}","templated":true}]}}