{"id":1399,"date":"2023-07-02T00:24:14","date_gmt":"2023-07-01T22:24:14","guid":{"rendered":"https:\/\/www.bretti.cl\/?page_id=1399"},"modified":"2023-07-03T23:02:47","modified_gmt":"2023-07-03T21:02:47","slug":"trabaja-con-nosotros","status":"publish","type":"page","link":"https:\/\/www.bretti.cl\/?page_id=1399","title":{"rendered":"Trabaja con nosotros"},"content":{"rendered":"\n<div class=\"wp-block-uagb-container uagb-block-d2a2abea alignfull uagb-is-root-container\"><div class=\"uagb-container-inner-blocks-wrap\">\n<div class=\"wp-block-uagb-advanced-heading uagb-block-c5fd27ef\"><h1 class=\"uagb-heading-text\">sE PARTE DEL EQUIPO<\/h1><\/div>\n<\/div><\/div>\n\n\n\n<div class=\"wp-block-uagb-container uagb-block-d04c0628 alignfull uagb-is-root-container\"><div class=\"uagb-container-inner-blocks-wrap\">\n<div class=\"wp-block-uagb-advanced-heading uagb-block-eb8c6da7\"><h3 class=\"uagb-heading-text\">Env\u00edanos tu documentaci\u00f3n <\/h3><\/div>\n\n\n\n<div class=\"wp-block-uagb-advanced-heading uagb-block-51fbe8fe\"><h2 class=\"uagb-heading-text\">Conductor Profesional<\/h2><\/div>\n<\/div><\/div>\n\n\n\n<p class=\"has-medium-font-size\"><strong>Debes adjuntar la siguiente informaci\u00f3n al correo RRHH@BRETTI.CL<\/strong><br><br>Curr\u00edculum Vitae actualizado. <br>\uf0b7 Fotocopia c\u00e9dula identidad por ambos lados, vigente. <br>\uf0b7 Fotocopia Licencia de conducir por ambos lados presentando el original (si corresponde),<br>vigente. <br>\uf0b7 Certificado de antecedentes. <br>\uf0b7 Hoja vida conductor. <br>\uf0b7 Certificado de matrimonio. (si corresponde) <br>\uf0b7 Certificado de Estudios y\/o t\u00edtulos, cuando corresponda.<br>\uf0b7 Certificado afiliaci\u00f3n y cotizaciones de AFP. <br>\uf0b7 Certificado afiliaci\u00f3n Fonasa \/ Isapre. <br>\uf0b7 Finiquito empresa anterior, carta de renuncia o despido. <br>\uf0b7 Cartas de recomendaci\u00f3n. <\/p>\n\n\n\n<figure class=\"wp-block-image size-large\"><img loading=\"lazy\" decoding=\"async\" width=\"1024\" height=\"155\" src=\"https:\/\/www.bretti.cl\/wp-content\/uploads\/2023\/07\/Banner-Acreditaciones-1024x155.jpg\" alt=\"\" class=\"wp-image-1434\" srcset=\"https:\/\/www.bretti.cl\/wp-content\/uploads\/2023\/07\/Banner-Acreditaciones-1024x155.jpg 1024w, https:\/\/www.bretti.cl\/wp-content\/uploads\/2023\/07\/Banner-Acreditaciones-300x45.jpg 300w, https:\/\/www.bretti.cl\/wp-content\/uploads\/2023\/07\/Banner-Acreditaciones-768x116.jpg 768w, https:\/\/www.bretti.cl\/wp-content\/uploads\/2023\/07\/Banner-Acreditaciones-1536x232.jpg 1536w, https:\/\/www.bretti.cl\/wp-content\/uploads\/2023\/07\/Banner-Acreditaciones.jpg 1871w\" sizes=\"auto, (max-width: 1024px) 100vw, 1024px\" \/><\/figure>\n","protected":false},"excerpt":{"rendered":"<p>sE PARTE DEL EQUIPO Env\u00edanos tu documentaci\u00f3n Conductor Profesional Debes adjuntar la siguiente informaci\u00f3n al correo RRHH@BRETTI.CL Curr\u00edculum Vitae actualizado. \uf0b7 Fotocopia c\u00e9dula identidad por ambos lados, vigente. \uf0b7 Fotocopia Licencia de conducir por ambos lados presentando el original (si corresponde),vigente. \uf0b7 Certificado de antecedentes. \uf0b7 Hoja vida conductor. \uf0b7 Certificado de matrimonio. (si corresponde) [&hellip;]<\/p>\n","protected":false},"author":2,"featured_media":0,"parent":0,"menu_order":0,"comment_status":"closed","ping_status":"closed","template":"","meta":{"_uag_custom_page_level_css":"","site-sidebar-layout":"no-sidebar","site-content-layout":"plain-container","ast-site-content-layout":"default","site-content-style":"default","site-sidebar-style":"default","ast-global-header-display":"","ast-banner-title-visibility":"","ast-main-header-display":"","ast-hfb-above-header-display":"","ast-hfb-below-header-display":"","ast-hfb-mobile-header-display":"","site-post-title":"disabled","ast-breadcrumbs-content":"","ast-featured-img":"disabled","footer-sml-layout":"","ast-disable-related-posts":"","theme-transparent-header-meta":"enabled","adv-header-id-meta":"","stick-header-meta":"","header-above-stick-meta":"","header-main-stick-meta":"","header-below-stick-meta":"","astra-migrate-meta-layouts":"default","ast-page-background-enabled":"default","ast-page-background-meta":{"desktop":{"background-color":"var(--ast-global-color-4)","background-image":"","background-repeat":"repeat","background-position":"center center","background-size":"auto","background-attachment":"scroll","background-type":"","background-media":"","overlay-type":"","overlay-color":"","overlay-opacity":"","overlay-gradient":""},"tablet":{"background-color":"","background-image":"","background-repeat":"repeat","background-position":"center center","background-size":"auto","background-attachment":"scroll","background-type":"","background-media":"","overlay-type":"","overlay-color":"","overlay-opacity":"","overlay-gradient":""},"mobile":{"background-color":"","background-image":"","background-repeat":"repeat","background-position":"center center","background-size":"auto","background-attachment":"scroll","background-type":"","background-media":"","overlay-type":"","overlay-color":"","overlay-opacity":"","overlay-gradient":""}},"ast-content-background-meta":{"desktop":{"background-color":"var(--ast-global-color-5)","background-image":"","background-repeat":"repeat","background-position":"center center","background-size":"auto","background-attachment":"scroll","background-type":"","background-media":"","overlay-type":"","overlay-color":"","overlay-opacity":"","overlay-gradient":""},"tablet":{"background-color":"var(--ast-global-color-5)","background-image":"","background-repeat":"repeat","background-position":"center center","background-size":"auto","background-attachment":"scroll","background-type":"","background-media":"","overlay-type":"","overlay-color":"","overlay-opacity":"","overlay-gradient":""},"mobile":{"background-color":"var(--ast-global-color-5)","background-image":"","background-repeat":"repeat","background-position":"center center","background-size":"auto","background-attachment":"scroll","background-type":"","background-media":"","overlay-type":"","overlay-color":"","overlay-opacity":"","overlay-gradient":""}},"footnotes":""},"class_list":["post-1399","page","type-page","status-publish","hentry"],"uagb_featured_image_src":{"full":false,"thumbnail":false,"medium":false,"medium_large":false,"large":false,"1536x1536":false,"2048x2048":false},"uagb_author_info":{"display_name":"admin","author_link":"https:\/\/www.bretti.cl\/?author=2"},"uagb_comment_info":0,"uagb_excerpt":"sE PARTE DEL EQUIPO Env\u00edanos tu documentaci\u00f3n Conductor Profesional Debes adjuntar la siguiente informaci\u00f3n al correo RRHH@BRETTI.CL Curr\u00edculum Vitae actualizado. \uf0b7 Fotocopia c\u00e9dula identidad por ambos lados, vigente. \uf0b7 Fotocopia Licencia de conducir por ambos lados presentando el original (si corresponde),vigente. \uf0b7 Certificado de antecedentes. \uf0b7 Hoja vida conductor. \uf0b7 Certificado de matrimonio. (si corresponde)&hellip;","_links":{"self":[{"href":"https:\/\/www.bretti.cl\/index.php?rest_route=\/wp\/v2\/pages\/1399","targetHints":{"allow":["GET"]}}],"collection":[{"href":"https:\/\/www.bretti.cl\/index.php?rest_route=\/wp\/v2\/pages"}],"about":[{"href":"https:\/\/www.bretti.cl\/index.php?rest_route=\/wp\/v2\/types\/page"}],"author":[{"embeddable":true,"href":"https:\/\/www.bretti.cl\/index.php?rest_route=\/wp\/v2\/users\/2"}],"replies":[{"embeddable":true,"href":"https:\/\/www.bretti.cl\/index.php?rest_route=%2Fwp%2Fv2%2Fcomments&post=1399"}],"version-history":[{"count":5,"href":"https:\/\/www.bretti.cl\/index.php?rest_route=\/wp\/v2\/pages\/1399\/revisions"}],"predecessor-version":[{"id":1435,"href":"https:\/\/www.bretti.cl\/index.php?rest_route=\/wp\/v2\/pages\/1399\/revisions\/1435"}],"wp:attachment":[{"href":"https:\/\/www.bretti.cl\/index.php?rest_route=%2Fwp%2Fv2%2Fmedia&parent=1399"}],"curies":[{"name":"wp","href":"https:\/\/api.w.org\/{rel}","templated":true}]}}